{"id":88,"date":"2016-06-21T09:00:13","date_gmt":"2016-06-21T06:00:13","guid":{"rendered":"http:\/\/nrteam.eu\/?page_id=88"},"modified":"2026-02-04T09:17:13","modified_gmt":"2026-02-04T07:17:13","slug":"kontakt","status":"publish","type":"page","link":"https:\/\/hellpig.eu\/et\/kontakt\/","title":{"rendered":"Kontakt"},"content":{"rendered":"<h2 data-start=\"179\" data-end=\"196\">Company name<\/h2>\n<p data-start=\"197\" data-end=\"212\"><strong data-start=\"197\" data-end=\"212\">Hell Pig O\u00dc<\/strong><\/p>\n<p data-start=\"214\" data-end=\"275\"><strong data-start=\"214\" data-end=\"232\">Registry code:<\/strong> 12041582<br data-start=\"241\" data-end=\"244\" \/><strong data-start=\"244\" data-end=\"261\">VAT \/ Tax ID:<\/strong> EE101794105<\/p>\n<hr data-start=\"277\" data-end=\"280\" \/>\n<h3 data-start=\"282\" data-end=\"295\">Address<\/h3>\n<p data-start=\"296\" data-end=\"352\">Soo\u00e4\u00e4re<br data-start=\"303\" data-end=\"306\" \/>65555 V\u00f5rum\u00f5isa k\u00fcla<br data-start=\"326\" data-end=\"329\" \/>V\u00f5ru vald, Estonia (EU)<\/p>\n<hr data-start=\"354\" data-end=\"357\" \/>\n<h3 data-start=\"359\" data-end=\"372\">Contact<\/h3>\n<p data-start=\"373\" data-end=\"429\"><strong data-start=\"373\" data-end=\"383\">Phone:<\/strong> +372 5620 9430<br data-start=\"398\" data-end=\"401\" \/><strong data-start=\"401\" data-end=\"411\">Email:<\/strong> <a class=\"decorated-link cursor-pointer\" rel=\"noopener\" data-start=\"412\" data-end=\"427\">inf&#111;&#64;&#104;&#101;&#x6c;&#x6c;&#x70;&#x69;&#x67;&#x2e;&#x65;u<\/a><\/p>\n<hr data-start=\"431\" data-end=\"434\" \/>\n<h3 data-start=\"436\" data-end=\"449\">Banking<\/h3>\n<p data-start=\"450\" data-end=\"514\"><strong data-start=\"450\" data-end=\"459\">IBAN:<\/strong> EE83 7700 7710 0360 0668<br data-start=\"484\" data-end=\"487\" \/><strong data-start=\"487\" data-end=\"503\">BIC \/ SWIFT:<\/strong> LHVBEE22<\/p>\n<hr data-start=\"516\" data-end=\"519\" \/>\n<h3 data-start=\"521\" data-end=\"539\">Social media<\/h3>\n<p data-start=\"540\" data-end=\"629\"><strong data-start=\"540\" data-end=\"552\">YouTube:<\/strong> Notsu Racing Team<br data-start=\"570\" data-end=\"573\" \/><strong data-start=\"573\" data-end=\"586\">Facebook:<\/strong> notsuracing<br data-start=\"598\" data-end=\"601\" \/><strong data-start=\"601\" data-end=\"615\">Instagram:<\/strong> notsuracing<\/p>\n<hr data-start=\"631\" data-end=\"634\" \/>\n<p data-start=\"636\" data-end=\"686\"><strong data-start=\"636\" data-end=\"686\">Manufactured in V\u00f5ru, Estonia \u2013 built to last.<\/strong><\/p>\n<p data-start=\"120\" data-end=\"135\">\n","protected":false},"excerpt":{"rendered":"<p>Company name Hell Pig O\u00dc Registry code: 12041582VAT \/ Tax ID: EE101794105 Address Soo\u00e4\u00e4re65555 V\u00f5rum\u00f5isa k\u00fclaV\u00f5ru vald, Estonia (EU) Contact Phone: +372 5620 9430Email: &#105;n&#x66;o&#x40;h&#x65;&#108;&#x6c;&#112;&#x69;&#103;&#46;&#x65;u Banking IBAN: EE83 7700 7710 0360 0668BIC \/ SWIFT: LHVBEE22 Social media YouTube: Notsu Racing TeamFacebook: notsuracingInstagram: notsuracing Manufactured in V\u00f5ru, Estonia \u2013 built to last.<\/p>\n","protected":false},"author":1,"featured_media":4877,"parent":0,"menu_order":0,"comment_status":"closed","ping_status":"closed","template":"","meta":{"_acf_changed":false,"footnotes":""},"class_list":["post-88","page","type-page","status-publish","has-post-thumbnail","hentry"],"acf":[],"yoast_head":"<!-- This site is optimized with the Yoast SEO plugin v27.4 - https:\/\/yoast.com\/product\/yoast-seo-wordpress\/ -->\n<title>Hell Pig kontakt<\/title>\n<meta name=\"robots\" content=\"index, follow, max-snippet:-1, max-image-preview:large, max-video-preview:-1\" \/>\n<link rel=\"canonical\" href=\"https:\/\/hellpig.eu\/et\/kontakt\/\" \/>\n<meta property=\"og:locale\" content=\"et_EE\" \/>\n<meta property=\"og:type\" content=\"article\" \/>\n<meta property=\"og:title\" content=\"Hell Pig kontakt\" \/>\n<meta property=\"og:description\" content=\"Company name Hell Pig O\u00dc Registry code: 12041582VAT \/ Tax ID: EE101794105 Address Soo\u00e4\u00e4re65555 V\u00f5rum\u00f5isa k\u00fclaV\u00f5ru vald, Estonia (EU) Contact Phone: +372 5620 9430Email: &#x69;n&#x66;&#111;&#x40;&#104;&#x65;&#x6c;l&#x70;&#105;&#x67;&#046;&#x65;&#117; Banking IBAN: EE83 7700 7710 0360 0668BIC \/ SWIFT: LHVBEE22 Social media YouTube: Notsu Racing TeamFacebook: notsuracingInstagram: notsuracing Manufactured in V\u00f5ru, Estonia \u2013 built to last.\" \/>\n<meta property=\"og:url\" content=\"https:\/\/hellpig.eu\/et\/kontakt\/\" \/>\n<meta property=\"og:site_name\" content=\"Hell Pig\" \/>\n<meta property=\"article:publisher\" content=\"https:\/\/www.facebook.com\/notsu.racing\" \/>\n<meta property=\"article:modified_time\" content=\"2026-02-04T07:17:13+00:00\" \/>\n<meta property=\"og:image\" content=\"https:\/\/hellpig.eu\/wp-content\/uploads\/2016\/06\/dsc_2090.jpg\" \/>\n\t<meta property=\"og:image:width\" content=\"1000\" \/>\n\t<meta property=\"og:image:height\" content=\"1000\" \/>\n\t<meta property=\"og:image:type\" content=\"image\/jpeg\" \/>\n<meta name=\"twitter:card\" content=\"summary_large_image\" \/>\n<meta name=\"twitter:label1\" content=\"Est. reading time\" \/>\n\t<meta name=\"twitter:data1\" content=\"1 minut\" \/>\n<script type=\"application\/ld+json\" class=\"yoast-schema-graph\">{\"@context\":\"https:\\\/\\\/schema.org\",\"@graph\":[{\"@type\":\"WebPage\",\"@id\":\"https:\\\/\\\/hellpig.eu\\\/et\\\/kontakt\\\/\",\"url\":\"https:\\\/\\\/hellpig.eu\\\/et\\\/kontakt\\\/\",\"name\":\"Hell Pig kontakt\",\"isPartOf\":{\"@id\":\"https:\\\/\\\/hellpig.eu\\\/et\\\/#website\"},\"primaryImageOfPage\":{\"@id\":\"https:\\\/\\\/hellpig.eu\\\/et\\\/kontakt\\\/#primaryimage\"},\"image\":{\"@id\":\"https:\\\/\\\/hellpig.eu\\\/et\\\/kontakt\\\/#primaryimage\"},\"thumbnailUrl\":\"https:\\\/\\\/hellpig.eu\\\/wp-content\\\/uploads\\\/2024\\\/03\\\/hellpig-logo-240315.svg\",\"datePublished\":\"2016-06-21T06:00:13+00:00\",\"dateModified\":\"2026-02-04T07:17:13+00:00\",\"breadcrumb\":{\"@id\":\"https:\\\/\\\/hellpig.eu\\\/et\\\/kontakt\\\/#breadcrumb\"},\"inLanguage\":\"et\",\"potentialAction\":[{\"@type\":\"ReadAction\",\"target\":[\"https:\\\/\\\/hellpig.eu\\\/et\\\/kontakt\\\/\"]}]},{\"@type\":\"ImageObject\",\"inLanguage\":\"et\",\"@id\":\"https:\\\/\\\/hellpig.eu\\\/et\\\/kontakt\\\/#primaryimage\",\"url\":\"https:\\\/\\\/hellpig.eu\\\/wp-content\\\/uploads\\\/2024\\\/03\\\/hellpig-logo-240315.svg\",\"contentUrl\":\"https:\\\/\\\/hellpig.eu\\\/wp-content\\\/uploads\\\/2024\\\/03\\\/hellpig-logo-240315.svg\",\"caption\":\"Hell Pig logo\"},{\"@type\":\"BreadcrumbList\",\"@id\":\"https:\\\/\\\/hellpig.eu\\\/et\\\/kontakt\\\/#breadcrumb\",\"itemListElement\":[{\"@type\":\"ListItem\",\"position\":1,\"name\":\"Home\",\"item\":\"https:\\\/\\\/hellpig.eu\\\/et\\\/\"},{\"@type\":\"ListItem\",\"position\":2,\"name\":\"Kontakt\"}]},{\"@type\":\"WebSite\",\"@id\":\"https:\\\/\\\/hellpig.eu\\\/et\\\/#website\",\"url\":\"https:\\\/\\\/hellpig.eu\\\/et\\\/\",\"name\":\"Hell Pig\",\"description\":\"Motorcycle aluminium panniers\",\"publisher\":{\"@id\":\"https:\\\/\\\/hellpig.eu\\\/et\\\/#organization\"},\"potentialAction\":[{\"@type\":\"SearchAction\",\"target\":{\"@type\":\"EntryPoint\",\"urlTemplate\":\"https:\\\/\\\/hellpig.eu\\\/et\\\/?s={search_term_string}\"},\"query-input\":{\"@type\":\"PropertyValueSpecification\",\"valueRequired\":true,\"valueName\":\"search_term_string\"}}],\"inLanguage\":\"et\"},{\"@type\":\"Organization\",\"@id\":\"https:\\\/\\\/hellpig.eu\\\/et\\\/#organization\",\"name\":\"NRTeam\",\"url\":\"https:\\\/\\\/hellpig.eu\\\/et\\\/\",\"logo\":{\"@type\":\"ImageObject\",\"inLanguage\":\"et\",\"@id\":\"https:\\\/\\\/hellpig.eu\\\/et\\\/#\\\/schema\\\/logo\\\/image\\\/\",\"url\":\"https:\\\/\\\/nrteam.eu\\\/wp-content\\\/uploads\\\/2016\\\/06\\\/logo.png\",\"contentUrl\":\"https:\\\/\\\/nrteam.eu\\\/wp-content\\\/uploads\\\/2016\\\/06\\\/logo.png\",\"width\":200,\"height\":60,\"caption\":\"NRTeam\"},\"image\":{\"@id\":\"https:\\\/\\\/hellpig.eu\\\/et\\\/#\\\/schema\\\/logo\\\/image\\\/\"},\"sameAs\":[\"https:\\\/\\\/www.facebook.com\\\/notsu.racing\"]}]}<\/script>\n<!-- \/ Yoast SEO plugin. -->","yoast_head_json":{"title":"Hell Pig kontakt","robots":{"index":"index","follow":"follow","max-snippet":"max-snippet:-1","max-image-preview":"max-image-preview:large","max-video-preview":"max-video-preview:-1"},"canonical":"https:\/\/hellpig.eu\/et\/kontakt\/","og_locale":"et_EE","og_type":"article","og_title":"Hell Pig kontakt","og_description":"Company name Hell Pig O\u00dc Registry code: 12041582VAT \/ Tax ID: EE101794105 Address Soo\u00e4\u00e4re65555 V\u00f5rum\u00f5isa k\u00fclaV\u00f5ru vald, Estonia (EU) Contact Phone: +372 5620 9430Email: &#x69;n&#x66;&#111;&#64;&#x68;&#101;&#x6c;&#108;p&#x69;&#103;&#x2e;&#101;u Banking IBAN: EE83 7700 7710 0360 0668BIC \/ SWIFT: LHVBEE22 Social media YouTube: Notsu Racing TeamFacebook: notsuracingInstagram: notsuracing Manufactured in V\u00f5ru, Estonia \u2013 built to last.","og_url":"https:\/\/hellpig.eu\/et\/kontakt\/","og_site_name":"Hell Pig","article_publisher":"https:\/\/www.facebook.com\/notsu.racing","article_modified_time":"2026-02-04T07:17:13+00:00","og_image":[{"width":1000,"height":1000,"url":"https:\/\/hellpig.eu\/wp-content\/uploads\/2016\/06\/dsc_2090.jpg","type":"image\/jpeg"}],"twitter_card":"summary_large_image","twitter_misc":{"Est. reading time":"1 minut"},"schema":{"@context":"https:\/\/schema.org","@graph":[{"@type":"WebPage","@id":"https:\/\/hellpig.eu\/et\/kontakt\/","url":"https:\/\/hellpig.eu\/et\/kontakt\/","name":"Hell Pig kontakt","isPartOf":{"@id":"https:\/\/hellpig.eu\/et\/#website"},"primaryImageOfPage":{"@id":"https:\/\/hellpig.eu\/et\/kontakt\/#primaryimage"},"image":{"@id":"https:\/\/hellpig.eu\/et\/kontakt\/#primaryimage"},"thumbnailUrl":"https:\/\/hellpig.eu\/wp-content\/uploads\/2024\/03\/hellpig-logo-240315.svg","datePublished":"2016-06-21T06:00:13+00:00","dateModified":"2026-02-04T07:17:13+00:00","breadcrumb":{"@id":"https:\/\/hellpig.eu\/et\/kontakt\/#breadcrumb"},"inLanguage":"et","potentialAction":[{"@type":"ReadAction","target":["https:\/\/hellpig.eu\/et\/kontakt\/"]}]},{"@type":"ImageObject","inLanguage":"et","@id":"https:\/\/hellpig.eu\/et\/kontakt\/#primaryimage","url":"https:\/\/hellpig.eu\/wp-content\/uploads\/2024\/03\/hellpig-logo-240315.svg","contentUrl":"https:\/\/hellpig.eu\/wp-content\/uploads\/2024\/03\/hellpig-logo-240315.svg","caption":"Hell Pig logo"},{"@type":"BreadcrumbList","@id":"https:\/\/hellpig.eu\/et\/kontakt\/#breadcrumb","itemListElement":[{"@type":"ListItem","position":1,"name":"Home","item":"https:\/\/hellpig.eu\/et\/"},{"@type":"ListItem","position":2,"name":"Kontakt"}]},{"@type":"WebSite","@id":"https:\/\/hellpig.eu\/et\/#website","url":"https:\/\/hellpig.eu\/et\/","name":"Hell Pig","description":"Motorcycle aluminium panniers","publisher":{"@id":"https:\/\/hellpig.eu\/et\/#organization"},"potentialAction":[{"@type":"SearchAction","target":{"@type":"EntryPoint","urlTemplate":"https:\/\/hellpig.eu\/et\/?s={search_term_string}"},"query-input":{"@type":"PropertyValueSpecification","valueRequired":true,"valueName":"search_term_string"}}],"inLanguage":"et"},{"@type":"Organization","@id":"https:\/\/hellpig.eu\/et\/#organization","name":"NRTeam","url":"https:\/\/hellpig.eu\/et\/","logo":{"@type":"ImageObject","inLanguage":"et","@id":"https:\/\/hellpig.eu\/et\/#\/schema\/logo\/image\/","url":"https:\/\/nrteam.eu\/wp-content\/uploads\/2016\/06\/logo.png","contentUrl":"https:\/\/nrteam.eu\/wp-content\/uploads\/2016\/06\/logo.png","width":200,"height":60,"caption":"NRTeam"},"image":{"@id":"https:\/\/hellpig.eu\/et\/#\/schema\/logo\/image\/"},"sameAs":["https:\/\/www.facebook.com\/notsu.racing"]}]}},"_links":{"self":[{"href":"https:\/\/hellpig.eu\/et\/wp-json\/wp\/v2\/pages\/88","targetHints":{"allow":["GET"]}}],"collection":[{"href":"https:\/\/hellpig.eu\/et\/wp-json\/wp\/v2\/pages"}],"about":[{"href":"https:\/\/hellpig.eu\/et\/wp-json\/wp\/v2\/types\/page"}],"author":[{"embeddable":true,"href":"https:\/\/hellpig.eu\/et\/wp-json\/wp\/v2\/users\/1"}],"replies":[{"embeddable":true,"href":"https:\/\/hellpig.eu\/et\/wp-json\/wp\/v2\/comments?post=88"}],"version-history":[{"count":27,"href":"https:\/\/hellpig.eu\/et\/wp-json\/wp\/v2\/pages\/88\/revisions"}],"predecessor-version":[{"id":5723,"href":"https:\/\/hellpig.eu\/et\/wp-json\/wp\/v2\/pages\/88\/revisions\/5723"}],"wp:featuredmedia":[{"embeddable":true,"href":"https:\/\/hellpig.eu\/et\/wp-json\/wp\/v2\/media\/4877"}],"wp:attachment":[{"href":"https:\/\/hellpig.eu\/et\/wp-json\/wp\/v2\/media?parent=88"}],"curies":[{"name":"wp","href":"https:\/\/api.w.org\/{rel}","templated":true}]}}